{"id":245,"date":"2021-06-03T11:51:05","date_gmt":"2021-06-03T09:51:05","guid":{"rendered":"https:\/\/labuleria.com\/?page_id=245"},"modified":"2024-07-08T16:23:49","modified_gmt":"2024-07-08T14:23:49","slug":"home","status":"publish","type":"page","link":"https:\/\/labuleria.com\/ru\/","title":{"rendered":"\u0413\u043b\u0430\u0432\u043d\u0430\u044f"},"content":{"rendered":"","protected":false},"excerpt":{"rendered":"","protected":false},"author":3,"featured_media":0,"parent":0,"menu_order":0,"comment_status":"closed","ping_status":"closed","template":"","meta":{"_acf_changed":false,"footnotes":""},"class_list":["post-245","page","type-page","status-publish","hentry"],"acf":[],"yoast_head":"<!-- This site is optimized with the Yoast SEO plugin v23.5 - https:\/\/yoast.com\/wordpress\/plugins\/seo\/ -->\n<title>Tablao flamenco en Valencia | Restaurante | La Buler\u00eda<\/title>\n<meta name=\"description\" content=\"La Buler\u00eda. Vive la mejor experiencia de flamenco en Valencia y disfruta de la mejor gastronom\u00eda mediterr\u00e1nea.\" \/>\n<meta name=\"robots\" content=\"index, follow, max-snippet:-1, max-image-preview:large, max-video-preview:-1\" \/>\n<link rel=\"canonical\" href=\"https:\/\/labuleria.com\/ru\/\" \/>\n<meta property=\"og:locale\" content=\"ru_RU\" \/>\n<meta property=\"og:type\" content=\"article\" \/>\n<meta property=\"og:title\" content=\"Tablao flamenco en Valencia | Restaurante | La Buler\u00eda\" \/>\n<meta property=\"og:description\" content=\"La Buler\u00eda. Vive la mejor experiencia de flamenco en Valencia y disfruta de la mejor gastronom\u00eda mediterr\u00e1nea.\" \/>\n<meta property=\"og:url\" content=\"https:\/\/labuleria.com\/ru\/\" \/>\n<meta property=\"og:site_name\" content=\"Restaurante La Buler\u00eda - Tablao Flamenco\" \/>\n<meta property=\"article:modified_time\" content=\"2024-07-08T14:23:49+00:00\" \/>\n<meta name=\"twitter:card\" content=\"summary_large_image\" \/>\n<script type=\"application\/ld+json\" class=\"yoast-schema-graph\">{\"@context\":\"https:\/\/schema.org\",\"@graph\":[{\"@type\":\"WebPage\",\"@id\":\"https:\/\/labuleria.com\/\",\"url\":\"https:\/\/labuleria.com\/\",\"name\":\"Tablao flamenco en Valencia | Restaurante | La Buler\u00eda\",\"isPartOf\":{\"@id\":\"https:\/\/labuleria.com\/#website\"},\"datePublished\":\"2021-06-03T09:51:05+00:00\",\"dateModified\":\"2024-07-08T14:23:49+00:00\",\"description\":\"La Buler\u00eda. Vive la mejor experiencia de flamenco en Valencia y disfruta de la mejor gastronom\u00eda mediterr\u00e1nea.\",\"breadcrumb\":{\"@id\":\"https:\/\/labuleria.com\/#breadcrumb\"},\"inLanguage\":\"ru-RU\",\"potentialAction\":[{\"@type\":\"ReadAction\",\"target\":[\"https:\/\/labuleria.com\/\"]}]},{\"@type\":\"BreadcrumbList\",\"@id\":\"https:\/\/labuleria.com\/#breadcrumb\",\"itemListElement\":[{\"@type\":\"ListItem\",\"position\":1,\"name\":\"Portada\",\"item\":\"https:\/\/labuleria.com\/\"},{\"@type\":\"ListItem\",\"position\":2,\"name\":\"Home\"}]},{\"@type\":\"WebSite\",\"@id\":\"https:\/\/labuleria.com\/#website\",\"url\":\"https:\/\/labuleria.com\/\",\"name\":\"Restaurante La Buler\u00eda - Tablao Flamenco\",\"description\":\"La mejor experiencia de flamenco en Valencia\",\"potentialAction\":[{\"@type\":\"SearchAction\",\"target\":{\"@type\":\"EntryPoint\",\"urlTemplate\":\"https:\/\/labuleria.com\/?s={search_term_string}\"},\"query-input\":{\"@type\":\"PropertyValueSpecification\",\"valueRequired\":true,\"valueName\":\"search_term_string\"}}],\"inLanguage\":\"ru-RU\"}]}<\/script>\n<!-- \/ Yoast SEO plugin. -->","yoast_head_json":{"title":"Tablao flamenco en Valencia | Restaurante | La Buler\u00eda","description":"La Buler\u00eda. Vive la mejor experiencia de flamenco en Valencia y disfruta de la mejor gastronom\u00eda mediterr\u00e1nea.","robots":{"index":"index","follow":"follow","max-snippet":"max-snippet:-1","max-image-preview":"max-image-preview:large","max-video-preview":"max-video-preview:-1"},"canonical":"https:\/\/labuleria.com\/ru\/","og_locale":"ru_RU","og_type":"article","og_title":"Tablao flamenco en Valencia | Restaurante | La Buler\u00eda","og_description":"La Buler\u00eda. Vive la mejor experiencia de flamenco en Valencia y disfruta de la mejor gastronom\u00eda mediterr\u00e1nea.","og_url":"https:\/\/labuleria.com\/ru\/","og_site_name":"Restaurante La Buler\u00eda - Tablao Flamenco","article_modified_time":"2024-07-08T14:23:49+00:00","twitter_card":"summary_large_image","schema":{"@context":"https:\/\/schema.org","@graph":[{"@type":"WebPage","@id":"https:\/\/labuleria.com\/","url":"https:\/\/labuleria.com\/","name":"Tablao flamenco en Valencia | Restaurante | La Buler\u00eda","isPartOf":{"@id":"https:\/\/labuleria.com\/#website"},"datePublished":"2021-06-03T09:51:05+00:00","dateModified":"2024-07-08T14:23:49+00:00","description":"La Buler\u00eda. Vive la mejor experiencia de flamenco en Valencia y disfruta de la mejor gastronom\u00eda mediterr\u00e1nea.","breadcrumb":{"@id":"https:\/\/labuleria.com\/#breadcrumb"},"inLanguage":"ru-RU","potentialAction":[{"@type":"ReadAction","target":["https:\/\/labuleria.com\/"]}]},{"@type":"BreadcrumbList","@id":"https:\/\/labuleria.com\/#breadcrumb","itemListElement":[{"@type":"ListItem","position":1,"name":"Portada","item":"https:\/\/labuleria.com\/"},{"@type":"ListItem","position":2,"name":"Home"}]},{"@type":"WebSite","@id":"https:\/\/labuleria.com\/#website","url":"https:\/\/labuleria.com\/","name":"Restaurante La Buler\u00eda - Tablao Flamenco","description":"La mejor experiencia de flamenco en Valencia","potentialAction":[{"@type":"SearchAction","target":{"@type":"EntryPoint","urlTemplate":"https:\/\/labuleria.com\/?s={search_term_string}"},"query-input":{"@type":"PropertyValueSpecification","valueRequired":true,"valueName":"search_term_string"}}],"inLanguage":"ru-RU"}]}},"_links":{"self":[{"href":"https:\/\/labuleria.com\/ru\/wp-json\/wp\/v2\/pages\/245","targetHints":{"allow":["GET"]}}],"collection":[{"href":"https:\/\/labuleria.com\/ru\/wp-json\/wp\/v2\/pages"}],"about":[{"href":"https:\/\/labuleria.com\/ru\/wp-json\/wp\/v2\/types\/page"}],"author":[{"embeddable":true,"href":"https:\/\/labuleria.com\/ru\/wp-json\/wp\/v2\/users\/3"}],"replies":[{"embeddable":true,"href":"https:\/\/labuleria.com\/ru\/wp-json\/wp\/v2\/comments?post=245"}],"version-history":[{"count":2,"href":"https:\/\/labuleria.com\/ru\/wp-json\/wp\/v2\/pages\/245\/revisions"}],"predecessor-version":[{"id":739,"href":"https:\/\/labuleria.com\/ru\/wp-json\/wp\/v2\/pages\/245\/revisions\/739"}],"wp:attachment":[{"href":"https:\/\/labuleria.com\/ru\/wp-json\/wp\/v2\/media?parent=245"}],"curies":[{"name":"wp","href":"https:\/\/api.w.org\/{rel}","templated":true}]}}