{"id":16,"date":"2020-10-12T11:20:49","date_gmt":"2020-10-12T09:20:49","guid":{"rendered":"https:\/\/labuleria.com\/?page_id=16"},"modified":"2023-10-10T17:17:01","modified_gmt":"2023-10-10T15:17:01","slug":"cookies","status":"publish","type":"page","link":"https:\/\/labuleria.com\/it\/biscotti\/","title":{"rendered":"Politica sui cookie"},"content":{"rendered":"<p><strong>COSA SONO I BISCOTTI?<\/strong><\/p>\n\n\n\n<p>I cookie sono file di piccole dimensioni che vengono installati sul disco rigido o nel browser del computer, tablet, smartphone o dispositivo equivalente con funzioni di navigazione in Internet e contribuiscono, tra l'altro, a: personalizzare i servizi del titolare del sito web, facilitare la navigazione e la fruibilit\u00e0 attraverso il sito web, ottenere informazioni aggregate sui visitatori del sito web, consentire la riproduzione e la visualizzazione di contenuti multimediali sul sito web stesso, consentire elementi di interazione tra l'utente e il sito web stesso, abilitare strumenti di sicurezza, ecc.<\/p>\n\n\n\n<p><strong>DEFINIZIONI UTILIZZATE NELLA PRESENTE INFORMATIVA SUI COOKIE<\/strong><\/p>\n\n\n\n<ul class=\"wp-block-list\">\n<li>Usabilit\u00e0 del web: pu\u00f2 essere definita come l'esperienza che un utente ha durante la navigazione, l'utilizzo e l'interazione con un sito web.<\/li>\n\n\n\n<li>Informazioni aggregate: informazioni non nominali, tipicamente numeriche e finalizzate a fornire informazioni statistiche.<\/li>\n\n\n\n<li>Apparecchiatura terminale: apparecchiatura (computer, smartphone, tablet, ecc.) dell'utente che naviga in Internet.<\/li>\n\n\n\n<li>Editore: responsabile o proprietario del sito web<\/li>\n\n\n\n<li>Terza parte: entit\u00e0 esterna, collaboratrice, fornitrice di servizi o collegata all'editore, coinvolta nella gestione di alcuni cookie.<\/li>\n\n\n\n<li>Responsabile del cookie: l'editore, il controllore, il proprietario del sito web o, in alcuni casi, la terza parte.<\/li>\n\n\n\n<li>Abitudini di navigazione: tendenze mostrate dall'utente durante la navigazione di una pagina web, come, ad esempio, il tempo trascorso sulla pagina, le parti visitate, le sezioni pi\u00f9 frequenti, l'origine della visita, la destinazione della visita, tra le altre cose.<\/li>\n<\/ul>\n\n\n\n<p><strong>QUALI TIPI DI COOKIE ESISTONO?<\/strong><\/p>\n\n\n\n<p>Secondo l'ente che lo gestisce:<\/p>\n\n\n\n<p>Cookie di terze parti: si tratta di cookie inviati al terminale dell'utente da un computer o da un dominio non gestito dall'editore, ma da un'altra entit\u00e0 che elabora i dati ottenuti tramite i cookie.<\/p>\n\n\n\n<p>A seconda del tempo in cui rimangono attivati nell'apparecchiatura terminale:<\/p>\n\n\n\n<p>Cookie di sessione: si tratta di un tipo di cookie progettato per raccogliere e memorizzare dati durante l'accesso dell'utente a una pagina web.<\/p>\n\n\n\n<p>Cookie persistenti: si tratta di un tipo di cookie in cui i dati rimangono memorizzati nel terminale e possono essere consultati ed elaborati per un periodo definito dal responsabile del cookie, che pu\u00f2 variare da pochi minuti a diversi anni.<\/p>\n\n\n\n<p>A seconda dello scopo per cui vengono trattati i dati ottenuti tramite i cookie:<\/p>\n\n\n\n<p>Cookie tecnici: sono quelli che permettono all'utente di navigare su un sito web, una piattaforma o un'applicazione e di utilizzare le diverse opzioni o servizi presenti su di essa, come, ad esempio, il controllo del traffico e della comunicazione dei dati, l'identificazione della sessione, l'accesso alle aree ad accesso limitato, la memorizzazione degli elementi che compongono un ordine, l'esecuzione del processo di acquisto di un ordine, la presentazione di una domanda di registrazione o di partecipazione a un evento, l'utilizzo di elementi di sicurezza durante la navigazione, la memorizzazione di contenuti per la diffusione di video o suoni o la condivisione di contenuti attraverso i social network.<\/p>\n\n\n\n<p>Cookie di analisi: questi cookie consentono al responsabile di monitorare e analizzare il comportamento degli utenti dei siti web a cui sono collegati. Le informazioni raccolte attraverso questo tipo di cookie vengono utilizzate per misurare l'attivit\u00e0 dei siti web, delle applicazioni o delle piattaforme e per l'elaborazione di profili di navigazione degli utenti di tali siti, applicazioni e piattaforme, al fine di introdurre miglioramenti basati sull'analisi dei dati relativi all'utilizzo da parte degli utenti del servizio.<\/p>\n\n\n\n<p>Cookie pubblicitari: sono quelli che permettono di gestire nel modo pi\u00f9 efficace possibile gli spazi pubblicitari che, se del caso, l'editore ha inserito su un sito web, un'applicazione o una piattaforma da cui viene fornito il servizio richiesto, in base a criteri quali il contenuto modificato o la frequenza con cui viene mostrata la pubblicit\u00e0.<\/p>\n\n\n\n<p>Cookie di pubblicit\u00e0 comportamentale: sono quelli che permettono di gestire, nel modo pi\u00f9 efficace possibile, gli spazi pubblicitari che, eventualmente, l'editore ha inserito in un sito web, un'applicazione o una piattaforma da cui viene fornito il servizio richiesto. Questi cookie memorizzano informazioni sul comportamento degli utenti ottenute attraverso l'osservazione continua delle loro abitudini di navigazione, che consentono di sviluppare un profilo specifico per visualizzare pubblicit\u00e0 basata sullo stesso.<\/p>\n\n\n\n<p><strong>COME DISABILITARE I COOKIE?<\/strong><\/p>\n\n\n\n<p>Bloccare o disabilitare tutti i cookie aiuta a proteggere la privacy, ma pu\u00f2 anche limitare l'esperienza su alcuni siti web, cos\u00ec come limitare le funzionalit\u00e0 o addirittura non consentire la corretta navigazione o l'utilizzo di alcuni dei loro servizi. Se volete sapere come disabilitare i cookie nei browser web pi\u00f9 diffusi, accedete alle seguenti esercitazioni:<\/p>\n\n\n\n<ul class=\"wp-block-list\">\n<li><a href=\"http:\/\/support.google.com\/chrome\/answer\/95647?hl=es\">Google Chrome<\/a><\/li>\n\n\n\n<li><a href=\"http:\/\/support.mozilla.org\/es\/kb\/habilitar-y-deshabilitar-cookies-que-los-sitios-we\">Mozilla Firefox<\/a><\/li>\n\n\n\n<li><a href=\"http:\/\/windows.microsoft.com\/es-es\/windows-vista\/block-or-allow-cookies\">Internet Explorer<\/a><\/li>\n\n\n\n<li><a href=\"http:\/\/support.apple.com\/es-es\/HT1677\">Safari<\/a><\/li>\n\n\n\n<li><a href=\"http:\/\/support.google.com\/chrome\/answer\/2392971?hl=es\">Chrome per Android<\/a><\/li>\n\n\n\n<li><a href=\"http:\/\/help.opera.com\/Windows\/11.50\/es-ES\/cookies.html\">Opera<\/a><\/li>\n<\/ul>\n\n\n\n<p>In caso di domande o dubbi sulla presente Informativa sui cookie, l'utente pu\u00f2 contattarci all'indirizzo&nbsp;<a href=\"mailto:contacto@elhype.com\">contacto@elhype.com<\/a><\/p>\n\n\n\n<p>Informazioni complete sulla normativa applicabile ai cookie,&nbsp;<a href=\"http:\/\/www.agpd.es\/portalwebAGPD\/canaldocumentacion\/cookies\/index-ides-idphp.php\">qui<\/a>.<\/p>\n\n\n\n<p>Legislazione applicabile:&nbsp;<a href=\"http:\/\/www.boe.es\/buscar\/act.php?id=BOE-A-2002-13758\">Legge 34\/2002<\/a><\/p>","protected":false},"excerpt":{"rendered":"<p>COSA SONO I COOKIE? I cookie sono piccoli file che vengono installati sul disco rigido o nel browser dell'utente.<\/p>","protected":false},"author":3,"featured_media":0,"parent":0,"menu_order":0,"comment_status":"closed","ping_status":"closed","template":"","meta":{"_acf_changed":false,"footnotes":""},"class_list":["post-16","page","type-page","status-publish","hentry"],"acf":[],"yoast_head":"<!-- This site is optimized with the Yoast SEO plugin v23.5 - https:\/\/yoast.com\/wordpress\/plugins\/seo\/ -->\n<title>Pol\u00edtica de cookies - Restaurante La Buler\u00eda - Tablao Flamenco<\/title>\n<meta name=\"robots\" content=\"noindex, follow\" \/>\n<meta property=\"og:locale\" content=\"it_IT\" \/>\n<meta property=\"og:type\" content=\"article\" \/>\n<meta property=\"og:title\" content=\"Pol\u00edtica de cookies - Restaurante La Buler\u00eda - Tablao Flamenco\" \/>\n<meta property=\"og:description\" content=\"\u00bfQU\u00c9 SON LAS COOKIES? Las cookies son&nbsp;peque\u00f1os ficheros que se instalan en el disco duro o en el navegador del [&hellip;]\" \/>\n<meta property=\"og:url\" content=\"https:\/\/labuleria.com\/it\/biscotti\/\" \/>\n<meta property=\"og:site_name\" content=\"Restaurante La Buler\u00eda - Tablao Flamenco\" \/>\n<meta property=\"article:modified_time\" content=\"2023-10-10T15:17:01+00:00\" \/>\n<meta name=\"twitter:card\" content=\"summary_large_image\" \/>\n<meta name=\"twitter:label1\" content=\"Tempo di lettura stimato\" \/>\n\t<meta name=\"twitter:data1\" content=\"4 minuti\" \/>\n<script type=\"application\/ld+json\" class=\"yoast-schema-graph\">{\"@context\":\"https:\/\/schema.org\",\"@graph\":[{\"@type\":\"WebPage\",\"@id\":\"https:\/\/labuleria.com\/cookies\/\",\"url\":\"https:\/\/labuleria.com\/cookies\/\",\"name\":\"Pol\u00edtica de cookies - Restaurante La Buler\u00eda - Tablao Flamenco\",\"isPartOf\":{\"@id\":\"https:\/\/labuleria.com\/#website\"},\"datePublished\":\"2020-10-12T09:20:49+00:00\",\"dateModified\":\"2023-10-10T15:17:01+00:00\",\"breadcrumb\":{\"@id\":\"https:\/\/labuleria.com\/cookies\/#breadcrumb\"},\"inLanguage\":\"it-IT\",\"potentialAction\":[{\"@type\":\"ReadAction\",\"target\":[\"https:\/\/labuleria.com\/cookies\/\"]}]},{\"@type\":\"BreadcrumbList\",\"@id\":\"https:\/\/labuleria.com\/cookies\/#breadcrumb\",\"itemListElement\":[{\"@type\":\"ListItem\",\"position\":1,\"name\":\"Portada\",\"item\":\"https:\/\/labuleria.com\/\"},{\"@type\":\"ListItem\",\"position\":2,\"name\":\"Pol\u00edtica de cookies\"}]},{\"@type\":\"WebSite\",\"@id\":\"https:\/\/labuleria.com\/#website\",\"url\":\"https:\/\/labuleria.com\/\",\"name\":\"Restaurante La Buler\u00eda - Tablao Flamenco\",\"description\":\"La mejor experiencia de flamenco en Valencia\",\"potentialAction\":[{\"@type\":\"SearchAction\",\"target\":{\"@type\":\"EntryPoint\",\"urlTemplate\":\"https:\/\/labuleria.com\/?s={search_term_string}\"},\"query-input\":{\"@type\":\"PropertyValueSpecification\",\"valueRequired\":true,\"valueName\":\"search_term_string\"}}],\"inLanguage\":\"it-IT\"}]}<\/script>\n<!-- \/ Yoast SEO plugin. -->","yoast_head_json":{"title":"Pol\u00edtica de cookies - Restaurante La Buler\u00eda - Tablao Flamenco","robots":{"index":"noindex","follow":"follow"},"og_locale":"it_IT","og_type":"article","og_title":"Pol\u00edtica de cookies - Restaurante La Buler\u00eda - Tablao Flamenco","og_description":"\u00bfQU\u00c9 SON LAS COOKIES? Las cookies son&nbsp;peque\u00f1os ficheros que se instalan en el disco duro o en el navegador del [&hellip;]","og_url":"https:\/\/labuleria.com\/it\/biscotti\/","og_site_name":"Restaurante La Buler\u00eda - Tablao Flamenco","article_modified_time":"2023-10-10T15:17:01+00:00","twitter_card":"summary_large_image","twitter_misc":{"Tempo di lettura stimato":"4 minuti"},"schema":{"@context":"https:\/\/schema.org","@graph":[{"@type":"WebPage","@id":"https:\/\/labuleria.com\/cookies\/","url":"https:\/\/labuleria.com\/cookies\/","name":"Pol\u00edtica de cookies - Restaurante La Buler\u00eda - Tablao Flamenco","isPartOf":{"@id":"https:\/\/labuleria.com\/#website"},"datePublished":"2020-10-12T09:20:49+00:00","dateModified":"2023-10-10T15:17:01+00:00","breadcrumb":{"@id":"https:\/\/labuleria.com\/cookies\/#breadcrumb"},"inLanguage":"it-IT","potentialAction":[{"@type":"ReadAction","target":["https:\/\/labuleria.com\/cookies\/"]}]},{"@type":"BreadcrumbList","@id":"https:\/\/labuleria.com\/cookies\/#breadcrumb","itemListElement":[{"@type":"ListItem","position":1,"name":"Portada","item":"https:\/\/labuleria.com\/"},{"@type":"ListItem","position":2,"name":"Pol\u00edtica de cookies"}]},{"@type":"WebSite","@id":"https:\/\/labuleria.com\/#website","url":"https:\/\/labuleria.com\/","name":"Restaurante La Buler\u00eda - Tablao Flamenco","description":"La mejor experiencia de flamenco en Valencia","potentialAction":[{"@type":"SearchAction","target":{"@type":"EntryPoint","urlTemplate":"https:\/\/labuleria.com\/?s={search_term_string}"},"query-input":{"@type":"PropertyValueSpecification","valueRequired":true,"valueName":"search_term_string"}}],"inLanguage":"it-IT"}]}},"_links":{"self":[{"href":"https:\/\/labuleria.com\/it\/wp-json\/wp\/v2\/pages\/16","targetHints":{"allow":["GET"]}}],"collection":[{"href":"https:\/\/labuleria.com\/it\/wp-json\/wp\/v2\/pages"}],"about":[{"href":"https:\/\/labuleria.com\/it\/wp-json\/wp\/v2\/types\/page"}],"author":[{"embeddable":true,"href":"https:\/\/labuleria.com\/it\/wp-json\/wp\/v2\/users\/3"}],"replies":[{"embeddable":true,"href":"https:\/\/labuleria.com\/it\/wp-json\/wp\/v2\/comments?post=16"}],"version-history":[{"count":2,"href":"https:\/\/labuleria.com\/it\/wp-json\/wp\/v2\/pages\/16\/revisions"}],"predecessor-version":[{"id":643,"href":"https:\/\/labuleria.com\/it\/wp-json\/wp\/v2\/pages\/16\/revisions\/643"}],"wp:attachment":[{"href":"https:\/\/labuleria.com\/it\/wp-json\/wp\/v2\/media?parent=16"}],"curies":[{"name":"wp","href":"https:\/\/api.w.org\/{rel}","templated":true}]}}