{"id":15,"date":"2020-10-12T11:20:49","date_gmt":"2020-10-12T09:20:49","guid":{"rendered":"https:\/\/labuleria.com\/?page_id=15"},"modified":"2023-12-08T13:17:39","modified_gmt":"2023-12-08T12:17:39","slug":"privacidad","status":"publish","type":"page","link":"https:\/\/labuleria.com\/it\/privacy\/","title":{"rendered":"Avviso legale, Informativa sulla privacy e Termini e condizioni di acquisto"},"content":{"rendered":"<p><strong>Informativa sulla privacy<\/strong><\/p>\n\n\n\n<p>White M.S. Producciones, SL con CIF B97943229 \u00e8 responsabile del trattamento dei dati personali dei suoi utenti e clienti, nonch\u00e9 dei dati che possono essere raccolti attraverso il sito web.<\/p>\n\n\n\n<p>White M.S. Producciones, SL informa gli utenti del sito web sulla sua politica di trattamento e protezione dei dati personali degli utenti e dei clienti che possono essere raccolti navigando o contrattando servizi attraverso il suo sito web.<\/p>\n\n\n\n<p><strong>Finalit\u00e0 del trattamento dei dati.<\/strong><\/p>\n\n\n\n<p>I vostri dati personali vengono raccolti allo scopo di fornire e mantenere i servizi concordati contrattualmente e per informarvi su nuovi prodotti e servizi.<\/p>\n\n\n\n<p>Il trattamento dei dati che ci fornirete attraverso i moduli presenti sul sito www.labuleria.com sar\u00e0 regolato da questa stessa informativa sulla privacy.<\/p>\n\n\n\n<p>Le operazioni, la gestione e le procedure tecniche eseguite in modo automatizzato o non automatizzato che rendono possibile la raccolta, la conservazione, la modifica, il trasferimento e altre azioni sui dati personali sono considerate trattamento dei dati personali.<\/p>\n\n\n\n<p>White M.S. Producciones, SL proceder\u00e0 al trattamento dei dati personali in modo lecito, leale, trasparente, adeguato, pertinente, limitato, accurato e aggiornato.<\/p>\n\n\n\n<p><strong>Dati raccolti per la fornitura di un servizio<\/strong><\/p>\n\n\n\n<p>I dati personali che ci fornirete per la fornitura di un servizio saranno quelli minimi necessari per poter stipulare il contratto e per potervi offrire i servizi oggetto del contratto e per adempiere agli obblighi di legge.<\/p>\n\n\n\n<p>I dati saranno conservati per i periodi stabiliti dalla legge.<\/p>\n\n\n\n<p>Dati raccolti per la richiesta di informazioni attraverso il modulo web.<\/p>\n\n\n\n<p>I dati personali raccolti attraverso il modulo web per la richiesta di informazioni sono finalizzati all'invio di informazioni commerciali sui nostri prodotti e servizi.<\/p>\n\n\n\n<p>Il trattamento dei dati in questo caso \u00e8 legittimato dal consenso espresso che Lei ci fornisce accettando di inviare le informazioni fornite attraverso il modulo.<\/p>\n\n\n\n<p><strong>Esercizio dei diritti<\/strong><\/p>\n\n\n\n<p>Nel rispetto dei diritti conferiti dal Regolamento (UE) 2016\/679 in materia di protezione dei dati personali, potr\u00e0 esercitare i diritti di accesso, rettifica, limitazione del trattamento, cancellazione, portabilit\u00e0 e opposizione al trattamento dei Suoi dati inviando la Sua richiesta all'indirizzo postale indicato o all'indirizzo e-mail reservas@labuleria.com.<\/p>\n\n\n\n<p>Per esercitare i propri diritti, \u00e8 necessario identificarsi presentando la carta d'identit\u00e0.<\/p>\n\n\n\n<p><strong>Destinatari<\/strong><\/p>\n\n\n\n<p>White M.S. Producciones, SL informa gli utenti che i loro dati personali non saranno comunicati a terzi, ad eccezione del caso in cui tale comunicazione di dati sia coperta da un obbligo legale o quando la fornitura di un servizio implichi la necessit\u00e0 di un rapporto contrattuale con un responsabile dei dati.<\/p>\n\n\n\n<p>White M.S. Producciones, SL mantiene criteri rigorosi per la selezione dei responsabili del trattamento dei dati e si impegna contrattualmente con ciascuno di essi a rispettare e far rispettare gli obblighi di protezione dei dati stabiliti.<\/p>\n\n\n\n<p><strong>Variazione dei dati<\/strong><\/p>\n\n\n\n<p>A meno che non ci venga comunicato il contrario, presumiamo che i dati non siano stati modificati e che l'utente si impegni a comunicarci eventuali modifiche.<\/p>\n\n\n\n<p>In caso di reclami, si prega di contattare reservas@labuleria.com. \u00c8 inoltre possibile contattare l'Agenzia spagnola per la protezione dei dati personali www.agdp.es.<\/p>\n\n\n\n<p><strong>I - OBIETTIVO<\/strong><\/p>\n\n\n\n<p>Questo sito web fornisce informazioni sui servizi e sulle attivit\u00e0 di:<\/p>\n\n\n\n<p><strong>La Buler\u00eda Tablao Flamenco<\/strong><br>Telefono 963 153 058<br>Invia un'e-mail a reservas@labuleria.com<br>Proprietario: White MS Producciones SL<br>PARTITA IVA: B97943229<\/p>\n\n\n\n<p>Calle Obispo Jaime P\u00e9rez 24 CP 46006 - Valencia - Spagna<\/p>\n\n\n\n<p><\/p>\n\n\n\n<p><strong>II - PROPRIET\u00c0 INTELLETTUALE<\/strong><\/p>\n\n\n\n<p>I contenuti di questo sito web, compresi, tra gli altri, immagini, loghi, grafici, animazioni, testi o applicazioni informatiche, qualunque sia il loro formato, il linguaggio di programmazione e la forma di rappresentazione, nonch\u00e9 il nome di dominio www.labuleria.com sono di propriet\u00e0 del Titolare, o ha acquisito i relativi diritti dai proprietari, o ha il loro consenso per la loro pubblicazione, e sono protetti dalle leggi e dai trattati internazionali in materia di propriet\u00e0 intellettuale e, se del caso, industriale, nonch\u00e9 dalle norme che regolano i nomi di dominio.<\/p>\n\n\n\n<p>\u00c8 consentito l'uso di collegamenti ipertestuali a questo sito web e l'uso o la riproduzione totale o parziale senza scopo di lucro dei suoi contenuti, a condizione che venga citata la fonte e che venga inserito un collegamento ipertestuale a questo sito web, e nei casi consentiti dagli articoli da 31 a 34 della Legge sulla Propriet\u00e0 Intellettuale (Regio Decreto Legislativo 1\/1996, del 12 aprile). \u00c8 vietato l'uso di frame o di qualsiasi altro meccanismo volto a nascondere l'origine o la fonte dei contenuti, qualsiasi uso, trasformazione o sfruttamento degli stessi a fini commerciali, promozionali o contrari alla legge, al buon costume o all'ordine pubblico, che possano ledere gli interessi o danneggiare l'immagine del Titolare o di terzi legittimi, che costituiscano concorrenza sleale o, in generale, contrari alle disposizioni delle presenti Condizioni d'uso.<\/p>\n\n\n\n<p><strong>III - PRIVACY E PROTEZIONE DEI DATI<\/strong><\/p>\n\n\n\n<p>Durante la navigazione in queste pagine, l'utente fornisce automaticamente al server web informazioni relative all'indirizzo IP (identificatore univoco per la trasmissione di pacchetti tra computer connessi a Internet), alla data e all'ora dell'accesso, al collegamento ipertestuale che lo ha inoltrato, al sistema operativo e al browser utilizzato. Nonostante l'Agenzia spagnola per la protezione dei dati (di seguito APD) consideri l'IP come un dato personale, il Titolare del trattamento non pu\u00f2 e non intende ottenere alcuna informazione sul proprietario della connessione Internet a cui corrisponde. Questi dati saranno conservati e utilizzati solo per il controllo e la statistica degli accessi e delle visite al sito web, e in nessun caso saranno comunicati o trasferiti a terzi.<\/p>\n\n\n\n<p>Questo sito web non utilizza cookie o altri dispositivi simili che consentano la raccolta di dati personali senza il vostro consenso.<\/p>\n\n\n\n<p>Nel caso in cui Lei instauri un qualsiasi tipo di comunicazione con il Titolare, sia essa telefonica, via fax, posta ordinaria o e-mail, i Suoi dati saranno conservati e inseriti in un archivio di propriet\u00e0 del Titolare, al fine di rispondere alla Sua richiesta, suggerimento o reclamo, fornire informazioni o erogare il servizio richiesto. Al di fuori dei casi previsti dalla legge, i Suoi dati non saranno comunicati o trasferiti a terzi senza il Suo esplicito consenso. Questo file \u00e8 debitamente registrato nel Registro Generale dell'APD e vengono applicate le misure tecniche, legali e organizzative previste dalla normativa sulla protezione dei dati personali per impedire l'accesso, l'alterazione, la perdita o il trattamento non autorizzati.<\/p>\n\n\n\n<p>Lei ha il diritto di accedere a questo archivio per consultare i Suoi dati, rettificarli o cancellarli, nonch\u00e9 di opporsi a qualsiasi trattamento degli stessi, fatte salve le eccezioni e i limiti stabiliti dalla normativa applicabile. Se si desidera esercitare tali diritti, si prega di inviare una richiesta firmata al Titolare del trattamento, accompagnata da una fotocopia della carta d'identit\u00e0 o di un documento equivalente. Esempi di moduli e ulteriori informazioni sono disponibili sul sito web dell'APD.<\/p>\n\n\n\n<p><strong>IV - ACQUISTARE I BIGLIETTI<\/strong><br>Il processo di acquisto dei biglietti richiede la registrazione per poter usufruire dei servizi offerti dal sito web, gestendo direttamente l'acquisto dei biglietti attraverso il sito web. Le informazioni di registrazione hanno lo scopo di mantenere il rapporto commerciale tra l'utente e White MS Producciones SL. Le coordinate bancarie dell'acquirente non saranno conservate in nessun caso da White MS Producciones SL, ma solo il numero della carta con cui \u00e8 stato effettuato l'acquisto, al fine di verificare l'acquisto.<\/p>\n\n\n\n<p><strong>V - LIMITAZIONE DI RESPONSABILIT\u00c0<\/strong><\/p>\n\n\n\n<p>I contenuti di questo sito web sono forniti a scopo informativo e divulgativo e il Titolare declina ogni responsabilit\u00e0, diretta o indiretta, che possa derivare dall'uso o dall'applicazione delle informazioni contenute in questo sito web al di fuori dei suoi scopi.<\/p>\n\n\n\n<p>I link (collegamenti ipertestuali) o i contenuti di terzi che compaiono su questo sito web sono forniti allo scopo di ampliare le informazioni o indicare un altro punto di vista. La loro inclusione non implica l'accettazione di tali contenuti, n\u00e9 l'associazione del Titolare con i responsabili di tali siti web, e pertanto si declina ogni responsabilit\u00e0 in merito, cos\u00ec come per eventuali danni che possono essere causati per qualsiasi motivo nel vostro sistema informatico (apparecchiature e applicazioni), documenti o file. Il Titolare pu\u00f2 essere responsabile di tali contenuti solo in conformit\u00e0 con le disposizioni della Legge 34\/2002, dell'11 luglio, sui servizi della societ\u00e0 dell'informazione e del commercio elettronico, nel caso in cui, essendo a conoscenza della loro illegalit\u00e0 o del fatto che danneggiano la propriet\u00e0 o gli interessi di terzi, non rimuova o disabiliti il link ad essi.<\/p>\n\n\n\n<p>Il Titolare non garantisce l'affidabilit\u00e0, la disponibilit\u00e0 o la continuit\u00e0 di questo sito o dei suoi contenuti per motivi tecnici, di sicurezza, di controllo o di manutenzione del servizio, per guasti dovuti al server che ospita i contenuti o ad altri intermediari o fornitori, per attacchi al sistema informatico, o per qualsiasi altra ragione derivante da cause al di fuori del suo controllo, e pertanto declina ogni responsabilit\u00e0, diretta o indiretta, per gli stessi.<\/p>\n\n\n\n<p>Il Titolare non sar\u00e0 responsabile di eventuali guasti, errori o danni, diretti o indiretti, che possono essere causati al sistema informatico dell'utente o ai file o documenti in esso memorizzati, che sono causati o derivano dalla capacit\u00e0 o dalla qualit\u00e0 del suo sistema informatico o dalla presenza di un virus o di qualsiasi altra applicazione informatica dannosa sul computer utilizzato per connettersi ai contenuti del sito web, dalla qualit\u00e0 della connessione o dell'accesso a Internet, dal malfunzionamento del browser o dall'utilizzo di applicazioni informatiche la cui versione non sia aggiornata o la cui licenza d'uso non sia stata ottenuta.<\/p>\n\n\n\n<p><strong>VI - MODIFICHE E AGGIORNAMENTI<\/strong><\/p>\n\n\n\n<p>Il Titolare si riserva il diritto di apportare, in qualsiasi momento e senza preavviso, modifiche e aggiornamenti alle informazioni contenute nel sito web, alla sua configurazione, disponibilit\u00e0 e presentazione, nonch\u00e9 alle presenti Condizioni d'uso.<\/p>\n\n\n\n<p><strong>VII- LEGGE APPLICABILE E FORO COMPETENTE<\/strong><\/p>\n\n\n\n<p>Le questioni relative all'uso di questo sito web o dei suoi contenuti saranno regolate e interpretate in conformit\u00e0 alle presenti Condizioni d'uso e alla legislazione spagnola, e le parti si sottomettono, salvo nei casi in cui non sia legalmente consentito, alla giurisdizione delle Corti e dei Tribunali della citt\u00e0 di Valencia (Spagna) per la risoluzione dei conflitti relativi all'uso di questo sito web, rinunciando espressamente a qualsiasi altro foro a cui possano avere diritto.<\/p>\n\n\n\n<p><strong>VIII - AVVISO LEGALE<\/strong><\/p>\n\n\n\n<p>White MS Producciones S.L. commercializza servizi e prestazioni che non sono in alcun modo illegali e sono coperti dalla legislazione nazionale in materia. I prodotti presenti in questo sito web non sono validi per l'utilizzo in attivit\u00e0 fraudolente e non devono essere utilizzati per scopi commerciali di alcun tipo senza le corrispondenti autorizzazioni e permessi. White MS Producciones S.L. non \u00e8 responsabile, in nessun caso, dell'uso che gli utenti fanno dei prodotti.<\/p>\n\n\n\n<p><strong>IX - POLITICA DI CANCELLAZIONE<\/strong><\/p>\n\n\n\n<p>Il cliente pu\u00f2 cancellare gratuitamente fino a 24 ore prima del giorno del servizio. Se la cancellazione avviene al di fuori di questo periodo, LA BULER\u00cdA non rimborser\u00e0 l'importo pagato e la mancata presentazione sar\u00e0 considerata come un servizio reso.<\/p>\n\n\n\n<p><strong>X - CONFLITTI<\/strong><\/p>\n\n\n\n<p>Per tutte le questioni di natura contenziosa o riguardanti il sito web di White MS Producciones S.L., si applica la legislazione spagnola. Per tutte le questioni di natura contenziosa o riguardanti il sito web di White MS Producciones S.L., si applica la legislazione spagnola e le Corti e i Tribunali di Valencia sono competenti per la risoluzione di tutte le controversie derivanti o correlate all'uso di questo sito web. L'accesso al sito web di White MS Producciones S.L. implica l'accettazione di tutte le condizioni espresse.<\/p>\n\n\n\n<p>Valencia, 12 settembre 2017.<\/p>\n\n\n\n<p>Informazioni fornite in conformit\u00e0 alle disposizioni dell'articolo 10 della Legge 34\/2002, dell'11 luglio, sui servizi della societ\u00e0 dell'informazione e il commercio elettronico.<\/p>","protected":false},"excerpt":{"rendered":"<p>Informativa sulla privacy White M.S. Producciones, SL con CIF B97943229 \u00e8 responsabile del trattamento dei dati personali [...]<\/p>","protected":false},"author":3,"featured_media":0,"parent":0,"menu_order":0,"comment_status":"closed","ping_status":"closed","template":"","meta":{"_acf_changed":false,"footnotes":""},"class_list":["post-15","page","type-page","status-publish","hentry"],"acf":[],"yoast_head":"<!-- This site is optimized with the Yoast SEO plugin v23.5 - https:\/\/yoast.com\/wordpress\/plugins\/seo\/ -->\n<title>Aviso Legal, Pol\u00edtica de privacidad y condiciones de compra - Restaurante La Buler\u00eda - Tablao Flamenco<\/title>\n<meta name=\"robots\" content=\"noindex, follow\" \/>\n<meta property=\"og:locale\" content=\"it_IT\" \/>\n<meta property=\"og:type\" content=\"article\" \/>\n<meta property=\"og:title\" content=\"Aviso Legal, Pol\u00edtica de privacidad y condiciones de compra - Restaurante La Buler\u00eda - Tablao Flamenco\" \/>\n<meta property=\"og:description\" content=\"Pol\u00edtica de privacidad White M.S. Producciones, SL con CIF B97943229 es responsable del tratamiento de los datos de car\u00e1cter personal [&hellip;]\" \/>\n<meta property=\"og:url\" content=\"https:\/\/labuleria.com\/it\/privacy\/\" \/>\n<meta property=\"og:site_name\" content=\"Restaurante La Buler\u00eda - Tablao Flamenco\" \/>\n<meta property=\"article:modified_time\" content=\"2023-12-08T12:17:39+00:00\" \/>\n<meta name=\"twitter:card\" content=\"summary_large_image\" \/>\n<meta name=\"twitter:label1\" content=\"Tempo di lettura stimato\" \/>\n\t<meta name=\"twitter:data1\" content=\"10 minuti\" \/>\n<script type=\"application\/ld+json\" class=\"yoast-schema-graph\">{\"@context\":\"https:\/\/schema.org\",\"@graph\":[{\"@type\":\"WebPage\",\"@id\":\"https:\/\/labuleria.com\/privacidad\/\",\"url\":\"https:\/\/labuleria.com\/privacidad\/\",\"name\":\"Aviso Legal, Pol\u00edtica de privacidad y condiciones de compra - Restaurante La Buler\u00eda - Tablao Flamenco\",\"isPartOf\":{\"@id\":\"https:\/\/labuleria.com\/#website\"},\"datePublished\":\"2020-10-12T09:20:49+00:00\",\"dateModified\":\"2023-12-08T12:17:39+00:00\",\"breadcrumb\":{\"@id\":\"https:\/\/labuleria.com\/privacidad\/#breadcrumb\"},\"inLanguage\":\"it-IT\",\"potentialAction\":[{\"@type\":\"ReadAction\",\"target\":[\"https:\/\/labuleria.com\/privacidad\/\"]}]},{\"@type\":\"BreadcrumbList\",\"@id\":\"https:\/\/labuleria.com\/privacidad\/#breadcrumb\",\"itemListElement\":[{\"@type\":\"ListItem\",\"position\":1,\"name\":\"Portada\",\"item\":\"https:\/\/labuleria.com\/\"},{\"@type\":\"ListItem\",\"position\":2,\"name\":\"Aviso Legal, Pol\u00edtica de privacidad y condiciones de compra\"}]},{\"@type\":\"WebSite\",\"@id\":\"https:\/\/labuleria.com\/#website\",\"url\":\"https:\/\/labuleria.com\/\",\"name\":\"Restaurante La Buler\u00eda - Tablao Flamenco\",\"description\":\"La mejor experiencia de flamenco en Valencia\",\"potentialAction\":[{\"@type\":\"SearchAction\",\"target\":{\"@type\":\"EntryPoint\",\"urlTemplate\":\"https:\/\/labuleria.com\/?s={search_term_string}\"},\"query-input\":{\"@type\":\"PropertyValueSpecification\",\"valueRequired\":true,\"valueName\":\"search_term_string\"}}],\"inLanguage\":\"it-IT\"}]}<\/script>\n<!-- \/ Yoast SEO plugin. -->","yoast_head_json":{"title":"Aviso Legal, Pol\u00edtica de privacidad y condiciones de compra - Restaurante La Buler\u00eda - Tablao Flamenco","robots":{"index":"noindex","follow":"follow"},"og_locale":"it_IT","og_type":"article","og_title":"Aviso Legal, Pol\u00edtica de privacidad y condiciones de compra - Restaurante La Buler\u00eda - Tablao Flamenco","og_description":"Pol\u00edtica de privacidad White M.S. Producciones, SL con CIF B97943229 es responsable del tratamiento de los datos de car\u00e1cter personal [&hellip;]","og_url":"https:\/\/labuleria.com\/it\/privacy\/","og_site_name":"Restaurante La Buler\u00eda - Tablao Flamenco","article_modified_time":"2023-12-08T12:17:39+00:00","twitter_card":"summary_large_image","twitter_misc":{"Tempo di lettura stimato":"10 minuti"},"schema":{"@context":"https:\/\/schema.org","@graph":[{"@type":"WebPage","@id":"https:\/\/labuleria.com\/privacidad\/","url":"https:\/\/labuleria.com\/privacidad\/","name":"Aviso Legal, Pol\u00edtica de privacidad y condiciones de compra - Restaurante La Buler\u00eda - Tablao Flamenco","isPartOf":{"@id":"https:\/\/labuleria.com\/#website"},"datePublished":"2020-10-12T09:20:49+00:00","dateModified":"2023-12-08T12:17:39+00:00","breadcrumb":{"@id":"https:\/\/labuleria.com\/privacidad\/#breadcrumb"},"inLanguage":"it-IT","potentialAction":[{"@type":"ReadAction","target":["https:\/\/labuleria.com\/privacidad\/"]}]},{"@type":"BreadcrumbList","@id":"https:\/\/labuleria.com\/privacidad\/#breadcrumb","itemListElement":[{"@type":"ListItem","position":1,"name":"Portada","item":"https:\/\/labuleria.com\/"},{"@type":"ListItem","position":2,"name":"Aviso Legal, Pol\u00edtica de privacidad y condiciones de compra"}]},{"@type":"WebSite","@id":"https:\/\/labuleria.com\/#website","url":"https:\/\/labuleria.com\/","name":"Restaurante La Buler\u00eda - Tablao Flamenco","description":"La mejor experiencia de flamenco en Valencia","potentialAction":[{"@type":"SearchAction","target":{"@type":"EntryPoint","urlTemplate":"https:\/\/labuleria.com\/?s={search_term_string}"},"query-input":{"@type":"PropertyValueSpecification","valueRequired":true,"valueName":"search_term_string"}}],"inLanguage":"it-IT"}]}},"_links":{"self":[{"href":"https:\/\/labuleria.com\/it\/wp-json\/wp\/v2\/pages\/15","targetHints":{"allow":["GET"]}}],"collection":[{"href":"https:\/\/labuleria.com\/it\/wp-json\/wp\/v2\/pages"}],"about":[{"href":"https:\/\/labuleria.com\/it\/wp-json\/wp\/v2\/types\/page"}],"author":[{"embeddable":true,"href":"https:\/\/labuleria.com\/it\/wp-json\/wp\/v2\/users\/3"}],"replies":[{"embeddable":true,"href":"https:\/\/labuleria.com\/it\/wp-json\/wp\/v2\/comments?post=15"}],"version-history":[{"count":4,"href":"https:\/\/labuleria.com\/it\/wp-json\/wp\/v2\/pages\/15\/revisions"}],"predecessor-version":[{"id":679,"href":"https:\/\/labuleria.com\/it\/wp-json\/wp\/v2\/pages\/15\/revisions\/679"}],"wp:attachment":[{"href":"https:\/\/labuleria.com\/it\/wp-json\/wp\/v2\/media?parent=15"}],"curies":[{"name":"wp","href":"https:\/\/api.w.org\/{rel}","templated":true}]}}