{"id":16,"date":"2020-10-12T11:20:49","date_gmt":"2020-10-12T09:20:49","guid":{"rendered":"https:\/\/labuleria.com\/?page_id=16"},"modified":"2023-10-10T17:17:01","modified_gmt":"2023-10-10T15:17:01","slug":"cookies","status":"publish","type":"page","link":"https:\/\/labuleria.com\/fr\/biscuits\/","title":{"rendered":"Politique en mati\u00e8re de cookies"},"content":{"rendered":"<p><strong>QU'EST-CE QU'UN BISCUIT ?<\/strong><\/p>\n\n\n\n<p>Les cookies sont de petits fichiers install\u00e9s sur le disque dur ou dans le navigateur de l'ordinateur, de la tablette, du smartphone ou d'un appareil \u00e9quivalent dot\u00e9 de fonctions de navigation sur Internet et qui permettent, entre autres, de personnaliser les services du propri\u00e9taire du site, de faciliter la navigation et l'utilisation du site, d'obtenir des informations globales sur les visiteurs du site, de permettre la reproduction et l'affichage de contenus multim\u00e9dias sur le site lui-m\u00eame, de permettre des \u00e9l\u00e9ments d'interaction entre l'utilisateur et le site lui-m\u00eame, de permettre l'utilisation d'outils de s\u00e9curit\u00e9, etc.<\/p>\n\n\n\n<p><strong>D\u00c9FINITIONS UTILIS\u00c9ES DANS LA PR\u00c9SENTE POLITIQUE EN MATI\u00c8RE DE COOKIES<\/strong><\/p>\n\n\n\n<ul class=\"wp-block-list\">\n<li>Utilisabilit\u00e9 du web : peut \u00eatre d\u00e9finie comme l'exp\u00e9rience d'un utilisateur lorsqu'il navigue, utilise et interagit avec un site web.<\/li>\n\n\n\n<li>Informations agr\u00e9g\u00e9es : informations non nominatives, g\u00e9n\u00e9ralement num\u00e9riques et destin\u00e9es \u00e0 fournir des informations statistiques.<\/li>\n\n\n\n<li>\u00c9quipement terminal : \u00e9quipement (ordinateur, smartphone, tablette, etc.) de l'utilisateur qui navigue sur l'internet.<\/li>\n\n\n\n<li>\u00c9diteur : responsable ou propri\u00e9taire du site web<\/li>\n\n\n\n<li>Tiers : entit\u00e9 externe, collaborateur, prestataire de services ou li\u00e9e \u00e0 l'\u00e9diteur, impliqu\u00e9e dans la gestion de certains cookies.<\/li>\n\n\n\n<li>Responsable du cookie : l'\u00e9diteur, le contr\u00f4leur, le propri\u00e9taire du site ou, dans certains cas, le tiers.<\/li>\n\n\n\n<li>Habitudes de navigation : tendances affich\u00e9es par l'utilisateur lorsqu'il navigue sur une page web, telles que, par exemple, le temps pass\u00e9 sur la page, les parties visit\u00e9es, les sections les plus fr\u00e9quentes, l'origine de la visite, la destination de la visite, entre autres.<\/li>\n<\/ul>\n\n\n\n<p><strong>QUELS SONT LES TYPES DE COOKIES ?<\/strong><\/p>\n\n\n\n<p>Selon l'entit\u00e9 qui le g\u00e8re :<\/p>\n\n\n\n<p>Cookies de tiers : il s'agit de cookies envoy\u00e9s \u00e0 l'\u00e9quipement terminal de l'utilisateur \u00e0 partir d'un ordinateur ou d'un domaine qui n'est pas g\u00e9r\u00e9 par l'\u00e9diteur, mais par une autre entit\u00e9 qui traite les donn\u00e9es obtenues par le biais des cookies.<\/p>\n\n\n\n<p>En fonction de la dur\u00e9e pendant laquelle ils restent activ\u00e9s dans l'\u00e9quipement terminal :<\/p>\n\n\n\n<p>Cookies de session : il s'agit d'un type de cookie con\u00e7u pour collecter et stocker des donn\u00e9es pendant que l'utilisateur acc\u00e8de \u00e0 une page web.<\/p>\n\n\n\n<p>Cookies persistants : il s'agit d'un type de cookie dans lequel les donn\u00e9es restent stock\u00e9es dans le terminal et peuvent \u00eatre consult\u00e9es et trait\u00e9es pendant une p\u00e9riode d\u00e9finie par le responsable du cookie, qui peut aller de quelques minutes \u00e0 plusieurs ann\u00e9es.<\/p>\n\n\n\n<p>En fonction de la finalit\u00e9 du traitement des donn\u00e9es obtenues par le biais des cookies :<\/p>\n\n\n\n<p>Cookies techniques : ce sont ceux qui permettent \u00e0 l'utilisateur de naviguer sur un site web, une plateforme ou une application et d'utiliser les diff\u00e9rentes options ou services qui y existent, comme, par exemple, le contr\u00f4le du trafic et de la communication des donn\u00e9es, l'identification de la session, l'acc\u00e8s \u00e0 des zones d'acc\u00e8s restreint, la m\u00e9morisation des \u00e9l\u00e9ments qui composent une commande, la r\u00e9alisation du processus d'achat d'une commande, la r\u00e9alisation d'une demande d'inscription ou de participation \u00e0 un \u00e9v\u00e9nement, l'utilisation d'\u00e9l\u00e9ments de s\u00e9curit\u00e9 pendant la navigation, le stockage de contenus pour la diffusion de vid\u00e9os ou de sons ou le partage de contenus \u00e0 travers les r\u00e9seaux sociaux.<\/p>\n\n\n\n<p>Cookies d'analyse : ces cookies permettent au responsable de suivre et d'analyser le comportement des utilisateurs des sites web auxquels ils sont li\u00e9s. Les informations collect\u00e9es par ce type de cookies sont utilis\u00e9es pour mesurer l'activit\u00e9 des sites web, de l'application ou de la plateforme et pour l'\u00e9laboration de profils de navigation des utilisateurs de ces sites, applications et plateformes, afin d'introduire des am\u00e9liorations bas\u00e9es sur l'analyse des donn\u00e9es relatives \u00e0 l'utilisation faite par les utilisateurs du service.<\/p>\n\n\n\n<p>Cookies publicitaires : ce sont ceux qui permettent de g\u00e9rer, de la mani\u00e8re la plus efficace possible, les espaces publicitaires que, le cas \u00e9ch\u00e9ant, l'\u00e9diteur a inclus sur un site web, une application ou une plateforme \u00e0 partir de laquelle il fournit le service demand\u00e9, sur la base de crit\u00e8res tels que le contenu \u00e9dit\u00e9 ou la fr\u00e9quence \u00e0 laquelle la publicit\u00e9 est affich\u00e9e.<\/p>\n\n\n\n<p>Cookies de publicit\u00e9 comportementale : ce sont ceux qui permettent de g\u00e9rer, de la mani\u00e8re la plus efficace possible, les espaces publicitaires que, le cas \u00e9ch\u00e9ant, l'\u00e9diteur a inclus sur un site web, une application ou une plateforme \u00e0 partir de laquelle le service demand\u00e9 est fourni. Ces cookies stockent des informations sur le comportement des utilisateurs obtenues gr\u00e2ce \u00e0 l'observation continue de leurs habitudes de navigation, ce qui permet de d\u00e9velopper un profil sp\u00e9cifique afin d'afficher des publicit\u00e9s bas\u00e9es sur ce dernier.<\/p>\n\n\n\n<p><strong>COMMENT D\u00c9SACTIVER LES COOKIES ?<\/strong><\/p>\n\n\n\n<p>Le blocage ou la d\u00e9sactivation de tous les cookies permet de prot\u00e9ger la vie priv\u00e9e, mais peut \u00e9galement limiter l'exp\u00e9rience sur certains sites web, ainsi que les fonctionnalit\u00e9s ou m\u00eame emp\u00eacher la navigation correcte ou l'utilisation de certains de leurs services. Si vous souhaitez savoir comment d\u00e9sactiver les cookies dans les navigateurs web les plus populaires, consultez les tutoriels suivants :<\/p>\n\n\n\n<ul class=\"wp-block-list\">\n<li><a href=\"http:\/\/support.google.com\/chrome\/answer\/95647?hl=es\">Google Chrome<\/a><\/li>\n\n\n\n<li><a href=\"http:\/\/support.mozilla.org\/es\/kb\/habilitar-y-deshabilitar-cookies-que-los-sitios-we\">Mozilla Firefox<\/a><\/li>\n\n\n\n<li><a href=\"http:\/\/windows.microsoft.com\/es-es\/windows-vista\/block-or-allow-cookies\">Internet Explorer<\/a><\/li>\n\n\n\n<li><a href=\"http:\/\/support.apple.com\/es-es\/HT1677\">Safari<\/a><\/li>\n\n\n\n<li><a href=\"http:\/\/support.google.com\/chrome\/answer\/2392971?hl=es\">Chrome pour Android<\/a><\/li>\n\n\n\n<li><a href=\"http:\/\/help.opera.com\/Windows\/11.50\/es-ES\/cookies.html\">Op\u00e9ra<\/a><\/li>\n<\/ul>\n\n\n\n<p>Si vous avez des questions ou des pr\u00e9occupations concernant la pr\u00e9sente politique en mati\u00e8re de cookies, vous pouvez nous contacter \u00e0 l'adresse suivante&nbsp;<a href=\"mailto:contacto@elhype.com\">contacto@elhype.com<\/a><\/p>\n\n\n\n<p>Informations compl\u00e8tes sur les r\u00e9glementations applicables en mati\u00e8re de cookies,&nbsp;<a href=\"http:\/\/www.agpd.es\/portalwebAGPD\/canaldocumentacion\/cookies\/index-ides-idphp.php\">ici<\/a>.<\/p>\n\n\n\n<p>L\u00e9gislation applicable :&nbsp;<a href=\"http:\/\/www.boe.es\/buscar\/act.php?id=BOE-A-2002-13758\">Loi 34\/2002<\/a><\/p>","protected":false},"excerpt":{"rendered":"<p>QUE SONT LES COOKIES ? Les cookies sont de petits fichiers install\u00e9s sur le disque dur ou dans le navigateur de l'utilisateur.<\/p>","protected":false},"author":3,"featured_media":0,"parent":0,"menu_order":0,"comment_status":"closed","ping_status":"closed","template":"","meta":{"_acf_changed":false,"footnotes":""},"class_list":["post-16","page","type-page","status-publish","hentry"],"acf":[],"yoast_head":"<!-- This site is optimized with the Yoast SEO plugin v23.5 - https:\/\/yoast.com\/wordpress\/plugins\/seo\/ -->\n<title>Pol\u00edtica de cookies - Restaurante La Buler\u00eda - Tablao Flamenco<\/title>\n<meta name=\"robots\" content=\"noindex, follow\" \/>\n<meta property=\"og:locale\" content=\"fr_FR\" \/>\n<meta property=\"og:type\" content=\"article\" \/>\n<meta property=\"og:title\" content=\"Pol\u00edtica de cookies - Restaurante La Buler\u00eda - Tablao Flamenco\" \/>\n<meta property=\"og:description\" content=\"\u00bfQU\u00c9 SON LAS COOKIES? Las cookies son&nbsp;peque\u00f1os ficheros que se instalan en el disco duro o en el navegador del [&hellip;]\" \/>\n<meta property=\"og:url\" content=\"https:\/\/labuleria.com\/fr\/biscuits\/\" \/>\n<meta property=\"og:site_name\" content=\"Restaurante La Buler\u00eda - Tablao Flamenco\" \/>\n<meta property=\"article:modified_time\" content=\"2023-10-10T15:17:01+00:00\" \/>\n<meta name=\"twitter:card\" content=\"summary_large_image\" \/>\n<meta name=\"twitter:label1\" content=\"Dur\u00e9e de lecture estim\u00e9e\" \/>\n\t<meta name=\"twitter:data1\" content=\"4 minutes\" \/>\n<script type=\"application\/ld+json\" class=\"yoast-schema-graph\">{\"@context\":\"https:\/\/schema.org\",\"@graph\":[{\"@type\":\"WebPage\",\"@id\":\"https:\/\/labuleria.com\/cookies\/\",\"url\":\"https:\/\/labuleria.com\/cookies\/\",\"name\":\"Pol\u00edtica de cookies - Restaurante La Buler\u00eda - Tablao Flamenco\",\"isPartOf\":{\"@id\":\"https:\/\/labuleria.com\/#website\"},\"datePublished\":\"2020-10-12T09:20:49+00:00\",\"dateModified\":\"2023-10-10T15:17:01+00:00\",\"breadcrumb\":{\"@id\":\"https:\/\/labuleria.com\/cookies\/#breadcrumb\"},\"inLanguage\":\"fr-FR\",\"potentialAction\":[{\"@type\":\"ReadAction\",\"target\":[\"https:\/\/labuleria.com\/cookies\/\"]}]},{\"@type\":\"BreadcrumbList\",\"@id\":\"https:\/\/labuleria.com\/cookies\/#breadcrumb\",\"itemListElement\":[{\"@type\":\"ListItem\",\"position\":1,\"name\":\"Portada\",\"item\":\"https:\/\/labuleria.com\/\"},{\"@type\":\"ListItem\",\"position\":2,\"name\":\"Pol\u00edtica de cookies\"}]},{\"@type\":\"WebSite\",\"@id\":\"https:\/\/labuleria.com\/#website\",\"url\":\"https:\/\/labuleria.com\/\",\"name\":\"Restaurante La Buler\u00eda - Tablao Flamenco\",\"description\":\"La mejor experiencia de flamenco en Valencia\",\"potentialAction\":[{\"@type\":\"SearchAction\",\"target\":{\"@type\":\"EntryPoint\",\"urlTemplate\":\"https:\/\/labuleria.com\/?s={search_term_string}\"},\"query-input\":{\"@type\":\"PropertyValueSpecification\",\"valueRequired\":true,\"valueName\":\"search_term_string\"}}],\"inLanguage\":\"fr-FR\"}]}<\/script>\n<!-- \/ Yoast SEO plugin. -->","yoast_head_json":{"title":"Pol\u00edtica de cookies - Restaurante La Buler\u00eda - Tablao Flamenco","robots":{"index":"noindex","follow":"follow"},"og_locale":"fr_FR","og_type":"article","og_title":"Pol\u00edtica de cookies - Restaurante La Buler\u00eda - Tablao Flamenco","og_description":"\u00bfQU\u00c9 SON LAS COOKIES? Las cookies son&nbsp;peque\u00f1os ficheros que se instalan en el disco duro o en el navegador del [&hellip;]","og_url":"https:\/\/labuleria.com\/fr\/biscuits\/","og_site_name":"Restaurante La Buler\u00eda - Tablao Flamenco","article_modified_time":"2023-10-10T15:17:01+00:00","twitter_card":"summary_large_image","twitter_misc":{"Dur\u00e9e de lecture estim\u00e9e":"4 minutes"},"schema":{"@context":"https:\/\/schema.org","@graph":[{"@type":"WebPage","@id":"https:\/\/labuleria.com\/cookies\/","url":"https:\/\/labuleria.com\/cookies\/","name":"Pol\u00edtica de cookies - Restaurante La Buler\u00eda - Tablao Flamenco","isPartOf":{"@id":"https:\/\/labuleria.com\/#website"},"datePublished":"2020-10-12T09:20:49+00:00","dateModified":"2023-10-10T15:17:01+00:00","breadcrumb":{"@id":"https:\/\/labuleria.com\/cookies\/#breadcrumb"},"inLanguage":"fr-FR","potentialAction":[{"@type":"ReadAction","target":["https:\/\/labuleria.com\/cookies\/"]}]},{"@type":"BreadcrumbList","@id":"https:\/\/labuleria.com\/cookies\/#breadcrumb","itemListElement":[{"@type":"ListItem","position":1,"name":"Portada","item":"https:\/\/labuleria.com\/"},{"@type":"ListItem","position":2,"name":"Pol\u00edtica de cookies"}]},{"@type":"WebSite","@id":"https:\/\/labuleria.com\/#website","url":"https:\/\/labuleria.com\/","name":"Restaurante La Buler\u00eda - Tablao Flamenco","description":"La mejor experiencia de flamenco en Valencia","potentialAction":[{"@type":"SearchAction","target":{"@type":"EntryPoint","urlTemplate":"https:\/\/labuleria.com\/?s={search_term_string}"},"query-input":{"@type":"PropertyValueSpecification","valueRequired":true,"valueName":"search_term_string"}}],"inLanguage":"fr-FR"}]}},"_links":{"self":[{"href":"https:\/\/labuleria.com\/fr\/wp-json\/wp\/v2\/pages\/16","targetHints":{"allow":["GET"]}}],"collection":[{"href":"https:\/\/labuleria.com\/fr\/wp-json\/wp\/v2\/pages"}],"about":[{"href":"https:\/\/labuleria.com\/fr\/wp-json\/wp\/v2\/types\/page"}],"author":[{"embeddable":true,"href":"https:\/\/labuleria.com\/fr\/wp-json\/wp\/v2\/users\/3"}],"replies":[{"embeddable":true,"href":"https:\/\/labuleria.com\/fr\/wp-json\/wp\/v2\/comments?post=16"}],"version-history":[{"count":2,"href":"https:\/\/labuleria.com\/fr\/wp-json\/wp\/v2\/pages\/16\/revisions"}],"predecessor-version":[{"id":643,"href":"https:\/\/labuleria.com\/fr\/wp-json\/wp\/v2\/pages\/16\/revisions\/643"}],"wp:attachment":[{"href":"https:\/\/labuleria.com\/fr\/wp-json\/wp\/v2\/media?parent=16"}],"curies":[{"name":"wp","href":"https:\/\/api.w.org\/{rel}","templated":true}]}}