{"id":15,"date":"2020-10-12T11:20:49","date_gmt":"2020-10-12T09:20:49","guid":{"rendered":"https:\/\/labuleria.com\/?page_id=15"},"modified":"2023-12-08T13:17:39","modified_gmt":"2023-12-08T12:17:39","slug":"privacidad","status":"publish","type":"page","link":"https:\/\/labuleria.com\/fr\/vie-privee\/","title":{"rendered":"Avis juridique, politique de confidentialit\u00e9 et conditions d'achat"},"content":{"rendered":"<p><strong>Politique de confidentialit\u00e9<\/strong><\/p>\n\n\n\n<p>White M.S. Producciones, SL avec CIF B97943229 est responsable du traitement des donn\u00e9es personnelles de ses utilisateurs et clients, ainsi que des donn\u00e9es qui peuvent \u00eatre collect\u00e9es \u00e0 travers le site web.<\/p>\n\n\n\n<p>White M.S. Producciones, SL informe les utilisateurs du site web de sa politique en mati\u00e8re de traitement et de protection des donn\u00e9es personnelles des utilisateurs et des clients qui peuvent \u00eatre collect\u00e9es en naviguant ou en contractant des services \u00e0 travers son site web.<\/p>\n\n\n\n<p><strong>Objectif du traitement des donn\u00e9es.<\/strong><\/p>\n\n\n\n<p>Vos donn\u00e9es personnelles sont collect\u00e9es dans le but de fournir et de maintenir les services convenus contractuellement et de vous informer sur les nouveaux produits et services.<\/p>\n\n\n\n<p>Le traitement des donn\u00e9es que vous nous fournissez par le biais des formulaires du site web www.labuleria.com sera r\u00e9gi par cette m\u00eame politique de confidentialit\u00e9.<\/p>\n\n\n\n<p>Les op\u00e9rations, la gestion et les proc\u00e9dures techniques effectu\u00e9es de mani\u00e8re automatis\u00e9e ou non et qui permettent la collecte, le stockage, la modification, le transfert et d'autres actions sur les donn\u00e9es \u00e0 caract\u00e8re personnel sont consid\u00e9r\u00e9es comme un traitement des donn\u00e9es \u00e0 caract\u00e8re personnel.<\/p>\n\n\n\n<p>White M.S. Producciones, SL traitera les donn\u00e9es personnelles de mani\u00e8re l\u00e9gale, loyale, transparente, ad\u00e9quate, pertinente, limit\u00e9e, pr\u00e9cise et actualis\u00e9e.<\/p>\n\n\n\n<p><strong>Donn\u00e9es collect\u00e9es pour la fourniture d'un service<\/strong><\/p>\n\n\n\n<p>Les donn\u00e9es personnelles que vous nous fournissez pour la prestation d'un service seront le minimum requis pour pouvoir \u00e9tablir le contrat ainsi que pour pouvoir vous offrir les services que vous avez contract\u00e9s et pour respecter les obligations l\u00e9gales.<\/p>\n\n\n\n<p>Les donn\u00e9es seront conserv\u00e9es pendant les p\u00e9riodes pr\u00e9vues par la loi.<\/p>\n\n\n\n<p>Donn\u00e9es collect\u00e9es pour la demande d'information par le biais du formulaire web.<\/p>\n\n\n\n<p>Les donn\u00e9es personnelles collect\u00e9es par le biais du formulaire web de demande d'informations sont destin\u00e9es \u00e0 l'envoi d'informations commerciales sur nos produits et services.<\/p>\n\n\n\n<p>Le traitement des donn\u00e9es dans ce cas est l\u00e9gitim\u00e9 par le consentement expr\u00e8s que vous nous donnez en acceptant d'envoyer les informations fournies par le biais du formulaire.<\/p>\n\n\n\n<p><strong>Exercice des droits<\/strong><\/p>\n\n\n\n<p>Conform\u00e9ment aux droits conf\u00e9r\u00e9s par le r\u00e8glement (UE) 2016\/679 relatif \u00e0 la protection des donn\u00e9es personnelles, vous pouvez exercer vos droits d'acc\u00e8s, de rectification, de limitation du traitement, d'effacement, de portabilit\u00e9 et d'opposition au traitement de vos donn\u00e9es en adressant votre demande \u00e0 l'adresse postale indiqu\u00e9e ou \u00e0 l'adresse \u00e9lectronique reservas@labuleria.com.<\/p>\n\n\n\n<p>Pour exercer vos droits, vous devez vous identifier en pr\u00e9sentant votre carte d'identit\u00e9.<\/p>\n\n\n\n<p><strong>Destinataires<\/strong><\/p>\n\n\n\n<p>White M.S. Producciones, SL informe les utilisateurs que leurs donn\u00e9es personnelles ne seront pas communiqu\u00e9es \u00e0 des tiers, sauf si cette communication de donn\u00e9es est couverte par une obligation l\u00e9gale ou si la prestation d'un service implique la n\u00e9cessit\u00e9 d'une relation contractuelle avec un responsable du traitement des donn\u00e9es.<\/p>\n\n\n\n<p>White M.S. Producciones, SL maintient des crit\u00e8res stricts pour la s\u00e9lection des responsables du traitement des donn\u00e9es et s'engage contractuellement avec chacun d'entre eux \u00e0 respecter et \u00e0 faire respecter les obligations \u00e9tablies en mati\u00e8re de protection des donn\u00e9es.<\/p>\n\n\n\n<p><strong>Variation des donn\u00e9es<\/strong><\/p>\n\n\n\n<p>Sauf notification contraire, nous supposerons que les donn\u00e9es n'ont pas \u00e9t\u00e9 modifi\u00e9es et que vous vous engagez \u00e0 nous notifier tout changement.<\/p>\n\n\n\n<p>Pour toute r\u00e9clamation, veuillez contacter reservas@labuleria.com. Vous pouvez \u00e9galement contacter l'Agence espagnole de protection des donn\u00e9es www.agdp.es.<\/p>\n\n\n\n<p><strong>I - OBJECTIF<\/strong><\/p>\n\n\n\n<p>Ce site web fournit des informations sur les services et les activit\u00e9s de :<\/p>\n\n\n\n<p><strong>La Buler\u00eda Tablao Flamenco<\/strong><br>T\u00e9l\u00e9phone 963 153 058<br>Courriel reservas@labuleria.com<br>Propri\u00e9taire : White MS Producciones SL<br>NUM\u00c9RO DE TVA : B97943229<\/p>\n\n\n\n<p>Calle Obispo Jaime P\u00e9rez 24 CP 46006 - Valencia - Espagne<\/p>\n\n\n\n<p><\/p>\n\n\n\n<p><strong>II - PROPRI\u00c9T\u00c9 INTELLECTUELLE<\/strong><\/p>\n\n\n\n<p>Le contenu de ce site web, y compris, entre autres, les images, logos, graphiques, animations, textes ou applications informatiques, quel que soit leur format, langage de programmation et forme de repr\u00e9sentation, ainsi que le nom de domaine www.labuleria.com sont la propri\u00e9t\u00e9 du propri\u00e9taire, ou a acquis les droits correspondants aupr\u00e8s de leurs propri\u00e9taires, ou a leur consentement pour leur publication, et sont prot\u00e9g\u00e9s par les lois et trait\u00e9s internationaux sur la propri\u00e9t\u00e9 intellectuelle et, le cas \u00e9ch\u00e9ant, industrielle, ainsi que par la r\u00e9glementation sur les noms de domaine.<\/p>\n\n\n\n<p>L'utilisation d'hyperliens vers ce site Web et l'utilisation ou la reproduction totale ou partielle de son contenu \u00e0 des fins non lucratives sont autoris\u00e9es, \u00e0 condition que la source soit cit\u00e9e et qu'un hyperlien vers ce site Web soit inclus, et dans les cas autoris\u00e9s par les articles 31 \u00e0 34 de la loi sur la propri\u00e9t\u00e9 intellectuelle (d\u00e9cret l\u00e9gislatif royal 1\/1996, du 12 avril). L'utilisation de cadres ou de tout autre m\u00e9canisme destin\u00e9 \u00e0 masquer l'origine ou la source des contenus, toute utilisation, transformation ou exploitation de ceux-ci \u00e0 des fins commerciales, promotionnelles ou contraires \u00e0 la loi, \u00e0 la morale ou \u00e0 l'ordre public, susceptibles de nuire aux int\u00e9r\u00eats ou de porter atteinte \u00e0 l'image du propri\u00e9taire ou de tiers l\u00e9gitimes, constituant une concurrence d\u00e9loyale ou, en g\u00e9n\u00e9ral, contraires aux dispositions des pr\u00e9sentes conditions d'utilisation, sont interdites.<\/p>\n\n\n\n<p><strong>III - RESPECT DE LA VIE PRIVEE ET PROTECTION DES DONNEES<\/strong><\/p>\n\n\n\n<p>En naviguant sur ces pages, vous fournissez automatiquement au serveur web des informations relatives \u00e0 votre adresse IP (identifiant unique pour la transmission de paquets entre ordinateurs connect\u00e9s \u00e0 Internet), la date et l'heure d'acc\u00e8s, l'hyperlien qui vous a conduit \u00e0 ces pages, votre syst\u00e8me d'exploitation et le navigateur utilis\u00e9. Bien que l'Agence espagnole de protection des donn\u00e9es (ci-apr\u00e8s d\u00e9nomm\u00e9e APD) consid\u00e8re l'IP comme une donn\u00e9e \u00e0 caract\u00e8re personnel, le responsable du traitement ne peut et n'a pas l'intention d'obtenir des informations sur le propri\u00e9taire de la connexion Internet \u00e0 laquelle il correspond. Ces donn\u00e9es seront stock\u00e9es et utilis\u00e9es uniquement pour le contr\u00f4le et les statistiques d'acc\u00e8s et de visite du site web, et ne seront en aucun cas communiqu\u00e9es ou c\u00e9d\u00e9es \u00e0 des tiers.<\/p>\n\n\n\n<p>Ce site web n'utilise pas de cookies ou d'autres dispositifs similaires permettant de collecter des donn\u00e9es personnelles sans votre consentement.<\/p>\n\n\n\n<p>Dans le cas o\u00f9 vous \u00e9tabliriez un quelconque type de communication avec le Titulaire, que ce soit par t\u00e9l\u00e9phone, par fax, par courrier ordinaire ou par courrier \u00e9lectronique, vos donn\u00e9es seront stock\u00e9es et incluses dans un fichier appartenant au Titulaire, afin de r\u00e9pondre \u00e0 votre demande, suggestion ou r\u00e9clamation, de vous fournir des informations ou de vous fournir le service demand\u00e9. En dehors des cas pr\u00e9vus par la loi, vos donn\u00e9es ne seront pas communiqu\u00e9es ou c\u00e9d\u00e9es \u00e0 des tiers sans votre consentement expr\u00e8s. Ce fichier est d\u00fbment inscrit au registre g\u00e9n\u00e9ral de l'APD et les mesures techniques, juridiques et organisationnelles \u00e9tablies dans la r\u00e9glementation sur la protection des donn\u00e9es personnelles sont appliqu\u00e9es pour \u00e9viter tout acc\u00e8s, alt\u00e9ration, perte ou traitement non autoris\u00e9.<\/p>\n\n\n\n<p>Vous avez le droit d'acc\u00e9der \u00e0 ce fichier pour consulter vos donn\u00e9es, les rectifier ou les annuler, ainsi que pour vous opposer \u00e0 leur traitement, sous r\u00e9serve des exceptions et des limites pr\u00e9vues par la l\u00e9gislation applicable. Si vous souhaitez exercer ces droits, veuillez envoyer une demande sign\u00e9e au responsable du traitement, accompagn\u00e9e d'une photocopie de votre carte d'identit\u00e9 ou d'un document \u00e9quivalent. Des mod\u00e8les de formulaires et des informations compl\u00e9mentaires sont disponibles sur le site web de l'APD.<\/p>\n\n\n\n<p><strong>IV - ACHETER DES BILLETS<\/strong><br>Le processus d'achat de billets n\u00e9cessite une inscription afin de pouvoir profiter des services offerts par le site web, en g\u00e9rant directement l'achat de billets \u00e0 travers le site web. Les informations d'enregistrement ont pour but de maintenir la relation commerciale entre l'utilisateur et White MS Producciones SL. Les donn\u00e9es bancaires de l'acheteur ne seront en aucun cas conserv\u00e9es par White MS Producciones SL, seul le num\u00e9ro de la carte avec laquelle l'achat a \u00e9t\u00e9 effectu\u00e9 est stock\u00e9, dans le but de v\u00e9rifier l'achat.<\/p>\n\n\n\n<p><strong>V - LIMITATION DE LA RESPONSABILIT\u00c9<\/strong><\/p>\n\n\n\n<p>Le contenu de ce site web est fourni \u00e0 titre informatif et le propri\u00e9taire d\u00e9cline toute responsabilit\u00e9, directe ou indirecte, pouvant d\u00e9couler de l'utilisation ou de l'application des informations contenues dans ce site web en dehors de ses objectifs.<\/p>\n\n\n\n<p>Les liens (hyperliens) ou les contenus de tiers qui apparaissent sur ce site sont fournis dans le but d'\u00e9largir l'information ou d'indiquer un autre point de vue. Leur inclusion n'implique pas l'acceptation de ces contenus, ni l'association du Titulaire avec les responsables de ces sites web, et rejette par cons\u00e9quent toute responsabilit\u00e9 \u00e0 cet \u00e9gard, ainsi que pour tout dommage qui pourrait \u00eatre caus\u00e9 pour quelque raison que ce soit \u00e0 votre syst\u00e8me informatique (\u00e9quipements et applications), \u00e0 vos documents ou \u00e0 vos fichiers. Le titulaire ne peut \u00eatre tenu responsable de ces contenus, conform\u00e9ment aux dispositions de la loi 34\/2002, du 11 juillet, sur les services de la soci\u00e9t\u00e9 de l'information et le commerce \u00e9lectronique, que dans le cas o\u00f9, ayant eu connaissance de leur ill\u00e9galit\u00e9 ou du fait qu'ils portent atteinte \u00e0 la propri\u00e9t\u00e9 ou aux int\u00e9r\u00eats d'un tiers, il ne supprime pas ou ne d\u00e9sactive pas le lien vers ces sites.<\/p>\n\n\n\n<p>Le propri\u00e9taire ne garantit pas la fiabilit\u00e9, la disponibilit\u00e9 ou la continuit\u00e9 de ce site ou de ses contenus pour des raisons techniques, de s\u00e9curit\u00e9, de contr\u00f4le ou de maintenance du service, pour des d\u00e9faillances dues au serveur qui h\u00e9berge les contenus ou \u00e0 d'autres interm\u00e9diaires ou fournisseurs, pour des attaques contre le syst\u00e8me informatique, ou pour toute autre raison d\u00e9coulant de causes ind\u00e9pendantes de sa volont\u00e9, et d\u00e9cline par cons\u00e9quent toute responsabilit\u00e9, directe ou indirecte, \u00e0 cet \u00e9gard.<\/p>\n\n\n\n<p>Le propri\u00e9taire n'est pas responsable des d\u00e9fauts, erreurs ou dommages, directs ou indirects, qui peuvent \u00eatre caus\u00e9s au syst\u00e8me informatique de l'utilisateur ou aux fichiers ou documents qui y sont stock\u00e9s, qui sont caus\u00e9s par ou d\u00e9coulent de la capacit\u00e9 ou de la qualit\u00e9 de son syst\u00e8me informatique ou de la pr\u00e9sence d'un virus ou de toute autre application informatique nuisible sur l'ordinateur utilis\u00e9 pour se connecter au contenu du site web, de la qualit\u00e9 de votre connexion ou de votre acc\u00e8s \u00e0 Internet, du mauvais fonctionnement de votre navigateur ou de l'utilisation d'applications informatiques dont les versions ne sont pas \u00e0 jour ou pour lesquelles la licence d'utilisation correspondante n'a pas \u00e9t\u00e9 obtenue.<\/p>\n\n\n\n<p><strong>VI - MODIFICATIONS ET MISES A JOUR<\/strong><\/p>\n\n\n\n<p>Le propri\u00e9taire se r\u00e9serve le droit d'apporter, \u00e0 tout moment et sans pr\u00e9avis, des modifications et des mises \u00e0 jour aux informations contenues sur le site web, \u00e0 sa configuration, \u00e0 sa disponibilit\u00e9 et \u00e0 sa pr\u00e9sentation, ainsi qu'aux pr\u00e9sentes conditions d'utilisation.<\/p>\n\n\n\n<p><strong>VII- DROIT APPLICABLE ET FORUM<\/strong><\/p>\n\n\n\n<p>Les questions relatives \u00e0 l'utilisation de ce site Web ou de ses contenus seront r\u00e9gies et interpr\u00e9t\u00e9es conform\u00e9ment aux pr\u00e9sentes conditions d'utilisation et \u00e0 la l\u00e9gislation espagnole, et les parties se soumettent, sauf dans les cas o\u00f9 la loi ne le permet pas, \u00e0 la juridiction des cours et tribunaux de la ville de Valence (Espagne) pour la r\u00e9solution des conflits relatifs \u00e0 l'utilisation de ce site Web, en renon\u00e7ant express\u00e9ment \u00e0 tout autre forum auquel elles pourraient avoir droit.<\/p>\n\n\n\n<p><strong>VIII - AVIS JURIDIQUE<\/strong><\/p>\n\n\n\n<p>White MS Producciones S.L. commercialise des services et des prestations qui ne sont en aucun cas ill\u00e9gaux et qui sont couverts par la l\u00e9gislation nationale en la mati\u00e8re. Les produits figurant sur ce site Web ne peuvent \u00eatre utilis\u00e9s dans le cadre d'activit\u00e9s frauduleuses et ne doivent pas \u00eatre utilis\u00e9s \u00e0 des fins commerciales de quelque nature que ce soit sans les autorisations et permissions correspondantes. White MS Producciones S.L. n'est en aucun cas responsable de l'utilisation que les utilisateurs font des produits.<\/p>\n\n\n\n<p><strong>IX - POLITIQUE D'ANNULATION<\/strong><\/p>\n\n\n\n<p>Le client peut annuler jusqu'\u00e0 24 heures avant le jour du service, sans frais. Si l'annulation est effectu\u00e9e en dehors de ce d\u00e9lai, LA BULER\u00cdA ne remboursera pas le montant pay\u00e9 et la non-pr\u00e9sentation sera consid\u00e9r\u00e9e comme un service rendu.<\/p>\n\n\n\n<p><strong>X - CONFLITS<\/strong><\/p>\n\n\n\n<p>Pour toute question litigieuse ou concernant le site web de White MS Producciones S.L., la l\u00e9gislation espagnole sera d'application. Pour toute question litigieuse ou concernant le site Web de White MS Producciones S.L., la l\u00e9gislation espagnole sera d'application et les Cours et Tribunaux de Valence seront comp\u00e9tents pour la r\u00e9solution de tous les litiges d\u00e9coulant de ou li\u00e9s \u00e0 l'utilisation de ce site Web. L'acc\u00e8s au site web de White MS Producciones S.L. implique l'acceptation de toutes les conditions exprim\u00e9es.<\/p>\n\n\n\n<p>Valence, le 12 septembre 2017.<\/p>\n\n\n\n<p>Informations fournies conform\u00e9ment aux dispositions de l'article 10 de la loi 34\/2002, du 11 juillet, sur les services de la soci\u00e9t\u00e9 de l'information et le commerce \u00e9lectronique.<\/p>","protected":false},"excerpt":{"rendered":"<p>Politique de confidentialit\u00e9 White M.S. Producciones, SL avec CIF B97943229 est responsable du traitement des donn\u00e9es personnelles [...]<\/p>","protected":false},"author":3,"featured_media":0,"parent":0,"menu_order":0,"comment_status":"closed","ping_status":"closed","template":"","meta":{"_acf_changed":false,"footnotes":""},"class_list":["post-15","page","type-page","status-publish","hentry"],"acf":[],"yoast_head":"<!-- This site is optimized with the Yoast SEO plugin v23.5 - https:\/\/yoast.com\/wordpress\/plugins\/seo\/ -->\n<title>Aviso Legal, Pol\u00edtica de privacidad y condiciones de compra - Restaurante La Buler\u00eda - Tablao Flamenco<\/title>\n<meta name=\"robots\" content=\"noindex, follow\" \/>\n<meta property=\"og:locale\" content=\"fr_FR\" \/>\n<meta property=\"og:type\" content=\"article\" \/>\n<meta property=\"og:title\" content=\"Aviso Legal, Pol\u00edtica de privacidad y condiciones de compra - Restaurante La Buler\u00eda - Tablao Flamenco\" \/>\n<meta property=\"og:description\" content=\"Pol\u00edtica de privacidad White M.S. Producciones, SL con CIF B97943229 es responsable del tratamiento de los datos de car\u00e1cter personal [&hellip;]\" \/>\n<meta property=\"og:url\" content=\"https:\/\/labuleria.com\/fr\/vie-privee\/\" \/>\n<meta property=\"og:site_name\" content=\"Restaurante La Buler\u00eda - Tablao Flamenco\" \/>\n<meta property=\"article:modified_time\" content=\"2023-12-08T12:17:39+00:00\" \/>\n<meta name=\"twitter:card\" content=\"summary_large_image\" \/>\n<meta name=\"twitter:label1\" content=\"Dur\u00e9e de lecture estim\u00e9e\" \/>\n\t<meta name=\"twitter:data1\" content=\"10 minutes\" \/>\n<script type=\"application\/ld+json\" class=\"yoast-schema-graph\">{\"@context\":\"https:\/\/schema.org\",\"@graph\":[{\"@type\":\"WebPage\",\"@id\":\"https:\/\/labuleria.com\/privacidad\/\",\"url\":\"https:\/\/labuleria.com\/privacidad\/\",\"name\":\"Aviso Legal, Pol\u00edtica de privacidad y condiciones de compra - Restaurante La Buler\u00eda - Tablao Flamenco\",\"isPartOf\":{\"@id\":\"https:\/\/labuleria.com\/#website\"},\"datePublished\":\"2020-10-12T09:20:49+00:00\",\"dateModified\":\"2023-12-08T12:17:39+00:00\",\"breadcrumb\":{\"@id\":\"https:\/\/labuleria.com\/privacidad\/#breadcrumb\"},\"inLanguage\":\"fr-FR\",\"potentialAction\":[{\"@type\":\"ReadAction\",\"target\":[\"https:\/\/labuleria.com\/privacidad\/\"]}]},{\"@type\":\"BreadcrumbList\",\"@id\":\"https:\/\/labuleria.com\/privacidad\/#breadcrumb\",\"itemListElement\":[{\"@type\":\"ListItem\",\"position\":1,\"name\":\"Portada\",\"item\":\"https:\/\/labuleria.com\/\"},{\"@type\":\"ListItem\",\"position\":2,\"name\":\"Aviso Legal, Pol\u00edtica de privacidad y condiciones de compra\"}]},{\"@type\":\"WebSite\",\"@id\":\"https:\/\/labuleria.com\/#website\",\"url\":\"https:\/\/labuleria.com\/\",\"name\":\"Restaurante La Buler\u00eda - Tablao Flamenco\",\"description\":\"La mejor experiencia de flamenco en Valencia\",\"potentialAction\":[{\"@type\":\"SearchAction\",\"target\":{\"@type\":\"EntryPoint\",\"urlTemplate\":\"https:\/\/labuleria.com\/?s={search_term_string}\"},\"query-input\":{\"@type\":\"PropertyValueSpecification\",\"valueRequired\":true,\"valueName\":\"search_term_string\"}}],\"inLanguage\":\"fr-FR\"}]}<\/script>\n<!-- \/ Yoast SEO plugin. -->","yoast_head_json":{"title":"Aviso Legal, Pol\u00edtica de privacidad y condiciones de compra - Restaurante La Buler\u00eda - Tablao Flamenco","robots":{"index":"noindex","follow":"follow"},"og_locale":"fr_FR","og_type":"article","og_title":"Aviso Legal, Pol\u00edtica de privacidad y condiciones de compra - Restaurante La Buler\u00eda - Tablao Flamenco","og_description":"Pol\u00edtica de privacidad White M.S. Producciones, SL con CIF B97943229 es responsable del tratamiento de los datos de car\u00e1cter personal [&hellip;]","og_url":"https:\/\/labuleria.com\/fr\/vie-privee\/","og_site_name":"Restaurante La Buler\u00eda - Tablao Flamenco","article_modified_time":"2023-12-08T12:17:39+00:00","twitter_card":"summary_large_image","twitter_misc":{"Dur\u00e9e de lecture estim\u00e9e":"10 minutes"},"schema":{"@context":"https:\/\/schema.org","@graph":[{"@type":"WebPage","@id":"https:\/\/labuleria.com\/privacidad\/","url":"https:\/\/labuleria.com\/privacidad\/","name":"Aviso Legal, Pol\u00edtica de privacidad y condiciones de compra - Restaurante La Buler\u00eda - Tablao Flamenco","isPartOf":{"@id":"https:\/\/labuleria.com\/#website"},"datePublished":"2020-10-12T09:20:49+00:00","dateModified":"2023-12-08T12:17:39+00:00","breadcrumb":{"@id":"https:\/\/labuleria.com\/privacidad\/#breadcrumb"},"inLanguage":"fr-FR","potentialAction":[{"@type":"ReadAction","target":["https:\/\/labuleria.com\/privacidad\/"]}]},{"@type":"BreadcrumbList","@id":"https:\/\/labuleria.com\/privacidad\/#breadcrumb","itemListElement":[{"@type":"ListItem","position":1,"name":"Portada","item":"https:\/\/labuleria.com\/"},{"@type":"ListItem","position":2,"name":"Aviso Legal, Pol\u00edtica de privacidad y condiciones de compra"}]},{"@type":"WebSite","@id":"https:\/\/labuleria.com\/#website","url":"https:\/\/labuleria.com\/","name":"Restaurante La Buler\u00eda - Tablao Flamenco","description":"La mejor experiencia de flamenco en Valencia","potentialAction":[{"@type":"SearchAction","target":{"@type":"EntryPoint","urlTemplate":"https:\/\/labuleria.com\/?s={search_term_string}"},"query-input":{"@type":"PropertyValueSpecification","valueRequired":true,"valueName":"search_term_string"}}],"inLanguage":"fr-FR"}]}},"_links":{"self":[{"href":"https:\/\/labuleria.com\/fr\/wp-json\/wp\/v2\/pages\/15","targetHints":{"allow":["GET"]}}],"collection":[{"href":"https:\/\/labuleria.com\/fr\/wp-json\/wp\/v2\/pages"}],"about":[{"href":"https:\/\/labuleria.com\/fr\/wp-json\/wp\/v2\/types\/page"}],"author":[{"embeddable":true,"href":"https:\/\/labuleria.com\/fr\/wp-json\/wp\/v2\/users\/3"}],"replies":[{"embeddable":true,"href":"https:\/\/labuleria.com\/fr\/wp-json\/wp\/v2\/comments?post=15"}],"version-history":[{"count":4,"href":"https:\/\/labuleria.com\/fr\/wp-json\/wp\/v2\/pages\/15\/revisions"}],"predecessor-version":[{"id":679,"href":"https:\/\/labuleria.com\/fr\/wp-json\/wp\/v2\/pages\/15\/revisions\/679"}],"wp:attachment":[{"href":"https:\/\/labuleria.com\/fr\/wp-json\/wp\/v2\/media?parent=15"}],"curies":[{"name":"wp","href":"https:\/\/api.w.org\/{rel}","templated":true}]}}